{"id":1083,"date":"2020-09-11T10:56:24","date_gmt":"2020-09-11T10:56:24","guid":{"rendered":"https:\/\/som2.com\/santho\/equipo\/"},"modified":"2023-10-19T09:31:47","modified_gmt":"2023-10-19T09:31:47","slug":"equipo","status":"publish","type":"page","link":"https:\/\/www.santho.es\/en\/equipo\/","title":{"rendered":"Equipo"},"content":{"rendered":"\t\t<div data-elementor-type=\"wp-page\" data-elementor-id=\"1083\" class=\"elementor elementor-1083\">\n\t\t\t\t\t\t\t\t\t<section class=\"elementor-section elementor-top-section elementor-element elementor-element-c44aa83 elementor-section-full_width elementor-section-height-default elementor-section-height-default qodef-elementor-content-no\" data-id=\"c44aa83\" data-element_type=\"section\">\n\t\t\t\t\t\t<div class=\"elementor-container elementor-column-gap-default\">\n\t\t\t\t\t<div class=\"elementor-column elementor-col-100 elementor-top-column elementor-element elementor-element-fcc19d5\" data-id=\"fcc19d5\" data-element_type=\"column\">\n\t\t\t<div class=\"elementor-widget-wrap elementor-element-populated\">\n\t\t\t\t\t\t\t\t<div class=\"elementor-element elementor-element-365caa1 elementor-widget elementor-widget-spacer\" data-id=\"365caa1\" data-element_type=\"widget\" data-widget_type=\"spacer.default\">\n\t\t\t\t<div class=\"elementor-widget-container\">\n\t\t\t\t\t<div class=\"elementor-spacer\">\n\t\t\t<div class=\"elementor-spacer-inner\"><\/div>\n\t\t<\/div>\n\t\t\t\t<\/div>\n\t\t\t\t<\/div>\n\t\t\t\t\t<\/div>\n\t\t<\/div>\n\t\t\t\t\t\t\t<\/div>\n\t\t<\/section>\n\t\t\t\t<section class=\"elementor-section elementor-top-section elementor-element elementor-element-e4ddf9e elementor-section-full_width elementor-section-content-top elementor-section-height-default elementor-section-height-default qodef-elementor-content-no\" data-id=\"e4ddf9e\" data-element_type=\"section\">\n\t\t\t\t\t\t<div class=\"elementor-container elementor-column-gap-no\">\n\t\t\t\t\t<div class=\"elementor-column elementor-col-50 elementor-top-column elementor-element elementor-element-adcfe1b\" data-id=\"adcfe1b\" data-element_type=\"column\">\n\t\t\t<div class=\"elementor-widget-wrap elementor-element-populated\">\n\t\t\t\t\t\t\t\t<div class=\"elementor-element elementor-element-be6343e elementor-widget elementor-widget-spacer\" data-id=\"be6343e\" data-element_type=\"widget\" data-widget_type=\"spacer.default\">\n\t\t\t\t<div class=\"elementor-widget-container\">\n\t\t\t\t\t<div class=\"elementor-spacer\">\n\t\t\t<div class=\"elementor-spacer-inner\"><\/div>\n\t\t<\/div>\n\t\t\t\t<\/div>\n\t\t\t\t<\/div>\n\t\t\t\t\t<\/div>\n\t\t<\/div>\n\t\t\t\t<div class=\"elementor-column elementor-col-50 elementor-top-column elementor-element elementor-element-f12307c\" data-id=\"f12307c\" data-element_type=\"column\">\n\t\t\t<div class=\"elementor-widget-wrap elementor-element-populated\">\n\t\t\t\t\t\t\t\t<section class=\"elementor-section elementor-inner-section elementor-element elementor-element-a32d7dd elementor-section-content-middle elementor-section-boxed elementor-section-height-default elementor-section-height-default qodef-elementor-content-no\" data-id=\"a32d7dd\" data-element_type=\"section\">\n\t\t\t\t\t\t<div class=\"elementor-container elementor-column-gap-extended\">\n\t\t\t\t\t<div class=\"elementor-column elementor-col-50 elementor-inner-column elementor-element elementor-element-5149820 elementor-hidden-mobile\" data-id=\"5149820\" data-element_type=\"column\">\n\t\t\t<div class=\"elementor-widget-wrap\">\n\t\t\t\t\t\t\t\t\t<\/div>\n\t\t<\/div>\n\t\t\t\t<div class=\"elementor-column elementor-col-50 elementor-inner-column elementor-element elementor-element-96116fa\" data-id=\"96116fa\" data-element_type=\"column\">\n\t\t\t<div class=\"elementor-widget-wrap elementor-element-populated\">\n\t\t\t\t\t\t\t\t<div class=\"elementor-element elementor-element-4fac18a elementor-widget elementor-widget-image\" data-id=\"4fac18a\" data-element_type=\"widget\" data-widget_type=\"image.default\">\n\t\t\t\t<div class=\"elementor-widget-container\">\n\t\t\t\t\t\t\t\t\t\t\t\t\t\t\t<img decoding=\"async\" width=\"1600\" height=\"1200\" src=\"https:\/\/www.santho.es\/wp-content\/uploads\/2023\/09\/equipo.jpg\" class=\"attachment-full size-full wp-image-3666\" alt=\"\" srcset=\"https:\/\/www.santho.es\/wp-content\/uploads\/2023\/09\/equipo.jpg 1600w, https:\/\/www.santho.es\/wp-content\/uploads\/2023\/09\/equipo-300x225.jpg 300w, https:\/\/www.santho.es\/wp-content\/uploads\/2023\/09\/equipo-1024x768.jpg 1024w, https:\/\/www.santho.es\/wp-content\/uploads\/2023\/09\/equipo-768x576.jpg 768w, https:\/\/www.santho.es\/wp-content\/uploads\/2023\/09\/equipo-1536x1152.jpg 1536w\" sizes=\"(max-width: 1600px) 100vw, 1600px\" \/>\t\t\t\t\t\t\t\t\t\t\t\t\t\t\t<\/div>\n\t\t\t\t<\/div>\n\t\t\t\t<div class=\"elementor-element elementor-element-9d5aa05 elementor-widget elementor-widget-spacer\" data-id=\"9d5aa05\" data-element_type=\"widget\" data-widget_type=\"spacer.default\">\n\t\t\t\t<div class=\"elementor-widget-container\">\n\t\t\t\t\t<div class=\"elementor-spacer\">\n\t\t\t<div class=\"elementor-spacer-inner\"><\/div>\n\t\t<\/div>\n\t\t\t\t<\/div>\n\t\t\t\t<\/div>\n\t\t\t\t<div class=\"elementor-element elementor-element-2705e4b elementor-widget elementor-widget-heading\" data-id=\"2705e4b\" data-element_type=\"widget\" data-widget_type=\"heading.default\">\n\t\t\t\t<div class=\"elementor-widget-container\">\n\t\t\t<div class=\"elementor-heading-title elementor-size-default\">Gabriel Santos<\/div>\t\t<\/div>\n\t\t\t\t<\/div>\n\t\t\t\t<div class=\"elementor-element elementor-element-2da5164 elementor-widget elementor-widget-heading\" data-id=\"2da5164\" data-element_type=\"widget\" data-widget_type=\"heading.default\">\n\t\t\t\t<div class=\"elementor-widget-container\">\n\t\t\t<div class=\"elementor-heading-title elementor-size-default\">Fundador, Director Creativo, Dise\u00f1ador de Interiores<\/div>\t\t<\/div>\n\t\t\t\t<\/div>\n\t\t\t\t<div class=\"elementor-element elementor-element-61a110d elementor-widget elementor-widget-heading\" data-id=\"61a110d\" data-element_type=\"widget\" data-widget_type=\"heading.default\">\n\t\t\t\t<div class=\"elementor-widget-container\">\n\t\t\t<div class=\"elementor-heading-title elementor-size-default\">Susanna Thomas<\/div>\t\t<\/div>\n\t\t\t\t<\/div>\n\t\t\t\t<div class=\"elementor-element elementor-element-05dc6be elementor-widget elementor-widget-heading\" data-id=\"05dc6be\" data-element_type=\"widget\" data-widget_type=\"heading.default\">\n\t\t\t\t<div class=\"elementor-widget-container\">\n\t\t\t<div class=\"elementor-heading-title elementor-size-default\">Arquitecta, Dise\u00f1adora de interiores <\/div>\t\t<\/div>\n\t\t\t\t<\/div>\n\t\t\t\t<div class=\"elementor-element elementor-element-484f469 elementor-widget elementor-widget-heading\" data-id=\"484f469\" data-element_type=\"widget\" data-widget_type=\"heading.default\">\n\t\t\t\t<div class=\"elementor-widget-container\">\n\t\t\t<div class=\"elementor-heading-title elementor-size-default\">Pep Ram\u00f3n<\/div>\t\t<\/div>\n\t\t\t\t<\/div>\n\t\t\t\t<div class=\"elementor-element elementor-element-3227b1b elementor-widget elementor-widget-heading\" data-id=\"3227b1b\" data-element_type=\"widget\" data-widget_type=\"heading.default\">\n\t\t\t\t<div class=\"elementor-widget-container\">\n\t\t\t<div class=\"elementor-heading-title elementor-size-default\">Arquitecto<\/div>\t\t<\/div>\n\t\t\t\t<\/div>\n\t\t\t\t<div class=\"elementor-element elementor-element-33874ac elementor-widget elementor-widget-heading\" data-id=\"33874ac\" data-element_type=\"widget\" data-widget_type=\"heading.default\">\n\t\t\t\t<div class=\"elementor-widget-container\">\n\t\t\t<div class=\"elementor-heading-title elementor-size-default\">Jan Roig <\/div>\t\t<\/div>\n\t\t\t\t<\/div>\n\t\t\t\t<div class=\"elementor-element elementor-element-3ce5dca elementor-widget elementor-widget-heading\" data-id=\"3ce5dca\" data-element_type=\"widget\" data-widget_type=\"heading.default\">\n\t\t\t\t<div class=\"elementor-widget-container\">\n\t\t\t<div class=\"elementor-heading-title elementor-size-default\">Arquitecto<\/div>\t\t<\/div>\n\t\t\t\t<\/div>\n\t\t\t\t<div class=\"elementor-element elementor-element-536fca9 elementor-widget elementor-widget-heading\" data-id=\"536fca9\" data-element_type=\"widget\" data-widget_type=\"heading.default\">\n\t\t\t\t<div class=\"elementor-widget-container\">\n\t\t\t<div class=\"elementor-heading-title elementor-size-default\">David Carri\u00f3 <\/div>\t\t<\/div>\n\t\t\t\t<\/div>\n\t\t\t\t<div class=\"elementor-element elementor-element-26c74e6 elementor-widget elementor-widget-heading\" data-id=\"26c74e6\" data-element_type=\"widget\" data-widget_type=\"heading.default\">\n\t\t\t\t<div class=\"elementor-widget-container\">\n\t\t\t<div class=\"elementor-heading-title elementor-size-default\">Arquitecto t\u00e9cnico<\/div>\t\t<\/div>\n\t\t\t\t<\/div>\n\t\t\t\t<div class=\"elementor-element elementor-element-705c2d1 elementor-widget elementor-widget-heading\" data-id=\"705c2d1\" data-element_type=\"widget\" data-widget_type=\"heading.default\">\n\t\t\t\t<div class=\"elementor-widget-container\">\n\t\t\t<div class=\"elementor-heading-title elementor-size-default\">Guillem Florit<\/div>\t\t<\/div>\n\t\t\t\t<\/div>\n\t\t\t\t<div class=\"elementor-element elementor-element-73f18f8 elementor-widget elementor-widget-heading\" data-id=\"73f18f8\" data-element_type=\"widget\" data-widget_type=\"heading.default\">\n\t\t\t\t<div class=\"elementor-widget-container\">\n\t\t\t<div class=\"elementor-heading-title elementor-size-default\">Delineante<\/div>\t\t<\/div>\n\t\t\t\t<\/div>\n\t\t\t\t<div class=\"elementor-element elementor-element-1f1caef elementor-widget elementor-widget-heading\" data-id=\"1f1caef\" data-element_type=\"widget\" data-widget_type=\"heading.default\">\n\t\t\t\t<div class=\"elementor-widget-container\">\n\t\t\t<div class=\"elementor-heading-title elementor-size-default\">Paul Koegel<\/div>\t\t<\/div>\n\t\t\t\t<\/div>\n\t\t\t\t<div class=\"elementor-element elementor-element-64d72fc elementor-widget elementor-widget-heading\" data-id=\"64d72fc\" data-element_type=\"widget\" data-widget_type=\"heading.default\">\n\t\t\t\t<div class=\"elementor-widget-container\">\n\t\t\t<div class=\"elementor-heading-title elementor-size-default\">Contabilidad<\/div>\t\t<\/div>\n\t\t\t\t<\/div>\n\t\t\t\t<div class=\"elementor-element elementor-element-f40eef8 elementor-widget elementor-widget-spacer\" data-id=\"f40eef8\" data-element_type=\"widget\" data-widget_type=\"spacer.default\">\n\t\t\t\t<div class=\"elementor-widget-container\">\n\t\t\t\t\t<div class=\"elementor-spacer\">\n\t\t\t<div class=\"elementor-spacer-inner\"><\/div>\n\t\t<\/div>\n\t\t\t\t<\/div>\n\t\t\t\t<\/div>\n\t\t\t\t<div class=\"elementor-element elementor-element-6761ab8 elementor-widget-divider--view-line elementor-widget elementor-widget-divider\" data-id=\"6761ab8\" data-element_type=\"widget\" data-widget_type=\"divider.default\">\n\t\t\t\t<div class=\"elementor-widget-container\">\n\t\t\t\t\t<div class=\"elementor-divider\">\n\t\t\t<span class=\"elementor-divider-separator\">\n\t\t\t\t\t\t<\/span>\n\t\t<\/div>\n\t\t\t\t<\/div>\n\t\t\t\t<\/div>\n\t\t\t\t<div class=\"elementor-element elementor-element-2d6de14 elementor-widget elementor-widget-heading\" data-id=\"2d6de14\" data-element_type=\"widget\" data-widget_type=\"heading.default\">\n\t\t\t\t<div class=\"elementor-widget-container\">\n\t\t\t<div class=\"elementor-heading-title elementor-size-default\">Competencias<\/div>\t\t<\/div>\n\t\t\t\t<\/div>\n\t\t\t\t<div class=\"elementor-element elementor-element-cfdd493 elementor-widget elementor-widget-text-editor\" data-id=\"cfdd493\" data-element_type=\"widget\" data-widget_type=\"text-editor.default\">\n\t\t\t\t<div class=\"elementor-widget-container\">\n\t\t\t\t\t\t\t<p>Arquitectura.<br \/>Interiorismo.<br \/>Reforma y rehabilitaci\u00f3n.<br \/>Arquitectura ef\u00edmera.<br \/>Estudios de viabilidad.<br \/>Asesoramiento t\u00e9cnico.<br \/>Direcci\u00f3n de obra \/ Design management.<br \/>Bioconstrucci\u00f3n \/ Eficiencia energ\u00e9tica.<br \/>Sketching y animaci\u00f3n 3D.<br \/>Locales comerciales, restauraci\u00f3n, gastronom\u00eda, residencial, showrooms, pop-up.<br \/>Conceptos corporativo y desarrollo de dise\u00f1o.<br \/>Dise\u00f1o de producto: mobiliario, iluminaci\u00f3n, elementos especiales.<br \/>Investigaci\u00f3n y aplicaci\u00f3n de nuevos y antiguos materiales.<\/p>\t\t\t\t\t\t<\/div>\n\t\t\t\t<\/div>\n\t\t\t\t\t<\/div>\n\t\t<\/div>\n\t\t\t\t\t\t\t<\/div>\n\t\t<\/section>\n\t\t\t\t\t<\/div>\n\t\t<\/div>\n\t\t\t\t\t\t\t<\/div>\n\t\t<\/section>\n\t\t\t\t\t\t\t<\/div>\n\t\t","protected":false},"excerpt":{"rendered":"<p>Gabriel Santos Fundador, Director Creativo, Dise\u00f1ador de Interiores Susanna Thomas Arquitecta, Dise\u00f1adora de interiores Pep Ram\u00f3n Arquitecto Jan Roig Arquitecto David Carri\u00f3 Arquitecto t\u00e9cnico Guillem Florit Delineante Paul Koegel Contabilidad Competencias Arquitectura.Interiorismo.Reforma y rehabilitaci\u00f3n.Arquitectura ef\u00edmera.Estudios de viabilidad.Asesoramiento t\u00e9cnico.Direcci\u00f3n de obra \/ Design management.Bioconstrucci\u00f3n \/ Eficiencia energ\u00e9tica.Sketching y animaci\u00f3n 3D.Locales comerciales, restauraci\u00f3n, gastronom\u00eda, residencial, showrooms, pop-up.Conceptos [&hellip;]<\/p>\n","protected":false},"author":1,"featured_media":0,"parent":0,"menu_order":0,"comment_status":"closed","ping_status":"closed","template":"page-limpia.php","meta":{"inline_featured_image":false,"footnotes":""},"_links":{"self":[{"href":"https:\/\/www.santho.es\/en\/wp-json\/wp\/v2\/pages\/1083"}],"collection":[{"href":"https:\/\/www.santho.es\/en\/wp-json\/wp\/v2\/pages"}],"about":[{"href":"https:\/\/www.santho.es\/en\/wp-json\/wp\/v2\/types\/page"}],"author":[{"embeddable":true,"href":"https:\/\/www.santho.es\/en\/wp-json\/wp\/v2\/users\/1"}],"replies":[{"embeddable":true,"href":"https:\/\/www.santho.es\/en\/wp-json\/wp\/v2\/comments?post=1083"}],"version-history":[{"count":22,"href":"https:\/\/www.santho.es\/en\/wp-json\/wp\/v2\/pages\/1083\/revisions"}],"predecessor-version":[{"id":4249,"href":"https:\/\/www.santho.es\/en\/wp-json\/wp\/v2\/pages\/1083\/revisions\/4249"}],"wp:attachment":[{"href":"https:\/\/www.santho.es\/en\/wp-json\/wp\/v2\/media?parent=1083"}],"curies":[{"name":"wp","href":"https:\/\/api.w.org\/{rel}","templated":true}]}}