{"id":4551,"date":"2024-01-26T07:39:03","date_gmt":"2024-01-26T07:39:03","guid":{"rendered":"https:\/\/www.santho.es\/politica-de-privacidad-aviso-legal-y-cookies\/"},"modified":"2024-01-26T08:21:01","modified_gmt":"2024-01-26T08:21:01","slug":"politica-de-privacidad-aviso-legal-y-cookies","status":"publish","type":"page","link":"https:\/\/www.santho.es\/ca\/politica-de-privacidad-aviso-legal-y-cookies\/","title":{"rendered":"Pol\u00edtica de privacitat, aviso legal y cookies"},"content":{"rendered":"\t\t<div data-elementor-type=\"wp-page\" data-elementor-id=\"4551\" class=\"elementor elementor-4551\">\n\t\t\t\t\t\t\t\t\t<section class=\"elementor-section elementor-top-section elementor-element elementor-element-c44aa83 elementor-section-full_width elementor-section-height-default elementor-section-height-default qodef-elementor-content-no\" data-id=\"c44aa83\" data-element_type=\"section\">\n\t\t\t\t\t\t<div class=\"elementor-container elementor-column-gap-default\">\n\t\t\t\t\t<div class=\"elementor-column elementor-col-100 elementor-top-column elementor-element elementor-element-fcc19d5\" data-id=\"fcc19d5\" data-element_type=\"column\">\n\t\t\t<div class=\"elementor-widget-wrap elementor-element-populated\">\n\t\t\t\t\t\t\t\t<div class=\"elementor-element elementor-element-365caa1 elementor-widget elementor-widget-spacer\" data-id=\"365caa1\" data-element_type=\"widget\" data-widget_type=\"spacer.default\">\n\t\t\t\t<div class=\"elementor-widget-container\">\n\t\t\t\t\t<div class=\"elementor-spacer\">\n\t\t\t<div class=\"elementor-spacer-inner\"><\/div>\n\t\t<\/div>\n\t\t\t\t<\/div>\n\t\t\t\t<\/div>\n\t\t\t\t\t<\/div>\n\t\t<\/div>\n\t\t\t\t\t\t\t<\/div>\n\t\t<\/section>\n\t\t\t\t<section class=\"elementor-section elementor-top-section elementor-element elementor-element-e4ddf9e elementor-section-full_width elementor-section-content-top elementor-section-height-default elementor-section-height-default qodef-elementor-content-no\" data-id=\"e4ddf9e\" data-element_type=\"section\">\n\t\t\t\t\t\t<div class=\"elementor-container elementor-column-gap-no\">\n\t\t\t\t\t<div class=\"elementor-column elementor-col-50 elementor-top-column elementor-element elementor-element-adcfe1b\" data-id=\"adcfe1b\" data-element_type=\"column\">\n\t\t\t<div class=\"elementor-widget-wrap elementor-element-populated\">\n\t\t\t\t\t\t\t\t<div class=\"elementor-element elementor-element-be6343e elementor-widget elementor-widget-spacer\" data-id=\"be6343e\" data-element_type=\"widget\" data-widget_type=\"spacer.default\">\n\t\t\t\t<div class=\"elementor-widget-container\">\n\t\t\t\t\t<div class=\"elementor-spacer\">\n\t\t\t<div class=\"elementor-spacer-inner\"><\/div>\n\t\t<\/div>\n\t\t\t\t<\/div>\n\t\t\t\t<\/div>\n\t\t\t\t\t<\/div>\n\t\t<\/div>\n\t\t\t\t<div class=\"elementor-column elementor-col-50 elementor-top-column elementor-element elementor-element-f12307c\" data-id=\"f12307c\" data-element_type=\"column\">\n\t\t\t<div class=\"elementor-widget-wrap elementor-element-populated\">\n\t\t\t\t\t\t\t\t<section class=\"elementor-section elementor-inner-section elementor-element elementor-element-a32d7dd elementor-section-content-middle elementor-section-boxed elementor-section-height-default elementor-section-height-default qodef-elementor-content-no\" data-id=\"a32d7dd\" data-element_type=\"section\">\n\t\t\t\t\t\t<div class=\"elementor-container elementor-column-gap-extended\">\n\t\t\t\t\t<div class=\"elementor-column elementor-col-50 elementor-inner-column elementor-element elementor-element-5149820 elementor-hidden-mobile\" data-id=\"5149820\" data-element_type=\"column\">\n\t\t\t<div class=\"elementor-widget-wrap\">\n\t\t\t\t\t\t\t\t\t<\/div>\n\t\t<\/div>\n\t\t\t\t<div class=\"elementor-column elementor-col-50 elementor-inner-column elementor-element elementor-element-96116fa\" data-id=\"96116fa\" data-element_type=\"column\">\n\t\t\t<div class=\"elementor-widget-wrap elementor-element-populated\">\n\t\t\t\t\t\t\t\t<div class=\"elementor-element elementor-element-9d5aa05 elementor-widget elementor-widget-spacer\" data-id=\"9d5aa05\" data-element_type=\"widget\" data-widget_type=\"spacer.default\">\n\t\t\t\t<div class=\"elementor-widget-container\">\n\t\t\t\t\t<div class=\"elementor-spacer\">\n\t\t\t<div class=\"elementor-spacer-inner\"><\/div>\n\t\t<\/div>\n\t\t\t\t<\/div>\n\t\t\t\t<\/div>\n\t\t\t\t<div class=\"elementor-element elementor-element-2d6de14 elementor-widget elementor-widget-heading\" data-id=\"2d6de14\" data-element_type=\"widget\" data-widget_type=\"heading.default\">\n\t\t\t\t<div class=\"elementor-widget-container\">\n\t\t\t<div class=\"elementor-heading-title elementor-size-default\">Pol\u00cdtica de privacidad<\/div>\t\t<\/div>\n\t\t\t\t<\/div>\n\t\t\t\t<div class=\"elementor-element elementor-element-cfdd493 elementor-widget elementor-widget-text-editor\" data-id=\"cfdd493\" data-element_type=\"widget\" data-widget_type=\"text-editor.default\">\n\t\t\t\t<div class=\"elementor-widget-container\">\n\t\t\t\t\t\t\t<p>En cumplimiento de la Ley Org\u00e1nica 15\/1999, de 13 de diciembre, de Protecci\u00f3n de Datos de Car\u00e1cter Personal (LOPD) y la Ley 34\/2002, de 11 de julio, de Servicios de la Sociedad de la Informaci\u00f3n y de Comercio Electr\u00f3nico (LSSI-CE), GABRIEL ANGEL SANTOS MAIRATA informa a los usuarios, que ha procedido a crear un perfil en la Red Social Facebook, con la finalidad principal de publicitar sus productos y servicios.<\/p><p>Datos de GABRIEL ANGEL SANTOS MAIRATA:<br \/>78204896C<br \/>PLA\u00c7A CONSTITUCIO 19 1\u00ba 07100, SOLLER (ILLES BALEARS)<br \/>mail@gabrielsantos.net<br \/>www.gabrielsantos.es<\/p><p>El usuario dispone de un perfil en la misma Red Social y ha decidido unirse a la p\u00e1gina creada por GABRIEL ANGEL SANTOS MAIRATA, mostrando as\u00ed inter\u00e9s en la informaci\u00f3n que se publicite en la Red. Al unirse a nuestra p\u00e1gina, nos facilita su consentimiento para el tratamiento de aquellos datos personales publicados en su perfil.<\/p><p>El usuario puede acceder en todo momento a las pol\u00edticas de privacidad de la propia Red Social, as\u00ed como configurar su perfil para garantizar su privacidad.<\/p><p>GABRIEL ANGEL SANTOS MAIRATA tiene acceso y trata aquella informaci\u00f3n p\u00fablica del usuario, en especial, su nombre de contacto. Estos datos, s\u00f3lo son utilizados dentro de la propia Red Social. No son incorporados a ning\u00fan fichero.<\/p><p>En relaci\u00f3n a los derechos de acceso, rectificaci\u00f3n, cancelaci\u00f3n y oposici\u00f3n, de los que usted dispone y que pueden ser ejercitados ante GABRIEL ANGEL SANTOS MAIRATA, de acuerdo con la LOPD, debe tener en cuenta los siguientes matices:<\/p><ul><li>Acceso: Vendr\u00e1 definido por la funcionalidad de la Red Social y la capacidad de acceso a la informaci\u00f3n de los perfiles de los usuarios.<\/li><li>Rectificaci\u00f3n: S\u00f3lo podr\u00e1 satisfacerse en relaci\u00f3n a aquella informaci\u00f3n que se encuentre bajo el control de GABRIEL ANGEL SANTOS MAIRATA, por ejemplo, eliminar comentarios publicados en la propia p\u00e1gina. Normalmente, este derecho deber\u00e1 ejercerlo ante la Red Social.<\/li><li>Cancelaci\u00f3n y\/u Oposici\u00f3n: Como en el caso anterior, s\u00f3lo podr\u00e1 satisfacerse en relaci\u00f3n a aquella informaci\u00f3n que se encuentre bajo el control de GABRIEL ANGEL SANTOS MAIRATA, por ejemplo, dejar de estar unido al perfil.<\/li><\/ul><p>GABRIEL ANGEL SANTOS MAIRATA realizar\u00e1 las siguientes actuaciones:<\/p><ul><li>Acceso a la informaci\u00f3n p\u00fablica del perfil.<\/li><li>Publicaci\u00f3n en el perfil del usuario de toda aquella informaci\u00f3n ya publicada en la p\u00e1gina de GABRIEL ANGEL SANTOS MAIRATA.<\/li><li>Enviar mensajes personales e individuales a trav\u00e9s de los canales de la Red Social.<\/li><li>Actualizaciones del estado de la p\u00e1gina que se publicar\u00e1n en el perfil del usuario.<\/li><\/ul><p>El usuario siempre puede controlar sus conexiones, eliminar los contenidos que dejen de interesarle y restringir con qui\u00e9n comparte sus conexiones, para ello deber\u00e1 acceder a su configuraci\u00f3n de privacidad.<\/p><p><strong>Publicaciones<\/strong><br \/>El usuario, una vez unido a la p\u00e1gina de GABRIEL ANGEL SANTOS MAIRATA, podr\u00e1 publicar en \u00e9sta \u00faltima comentarios, enlaces, im\u00e1genes o fotograf\u00edas o cualquier otro tipo de contenido multimedia soportado por la Red Social. El usuario, en todos los casos, debe ser el titular de los mismos, gozar de los derechos de autor y de propiedad intelectual o contar con el consentimiento de los terceros afectados. Se proh\u00edbe expresamente cualquier publicaci\u00f3n en la p\u00e1gina, ya sean textos, gr\u00e1ficos, fotograf\u00edas, v\u00eddeos, etc. que atenten o sean susceptibles de atentar contra la moral, la \u00e9tica, el buen gusto o el decoro, y\/o que infrinjan, violen o quebranten los derechos de propiedad intelectual o industrial, el derecho a la imagen o la Ley. En estos casos, GABRIEL ANGEL SANTOS MAIRATA se reserva el derecho a retirar de inmediato el contenido, pudiendo solicitar el bloqueo permanente del usuario.<\/p><p>GABRIEL ANGEL SANTOS MAIRATA no se har\u00e1 responsable de los contenidos que libremente ha publicado un usuario.<\/p><p>El usuario debe tener presente que sus publicaciones ser\u00e1n conocidas por los otros usuarios, por lo que \u00e9l mismo es el principal responsable de su privacidad.<\/p><p>Las im\u00e1genes que puedan publicarse en la p\u00e1gina no ser\u00e1n almacenadas en ning\u00fan fichero por parte de GABRIEL ANGEL SANTOS MAIRATA, pero s\u00ed que permanecer\u00e1n en la Red Social.<\/p><p><strong>Concursos y promociones<\/strong><br \/>GABRIEL ANGEL SANTOS MAIRATA se reserva el derecho a realizar concursos y promociones, en los que podr\u00e1 participar el usuario unido a su p\u00e1gina. Las bases de cada uno de ellos, cuando se utilice para ello la plataforma de la Red Social, ser\u00e1n publicadas en la misma. Cumpliendo siempre con la LSSI-CE y con cualquier otra norma que le sea de aplicaci\u00f3n.<\/p><p>La Red Social no patrocina, avala ni administra, de modo alguno, ninguna de nuestras promociones, ni est\u00e1 asociada a ninguna de ellas.<\/p><p><strong>Publicidad<\/strong><br \/>GABRIEL ANGEL SANTOS MAIRATA utilizar\u00e1 la Red Social para publicitar sus productos y servicios, en todo caso, si decide tratar sus datos de contacto para realizar acciones directas de prospecci\u00f3n comercial, ser\u00e1 siempre, cumpliendo con las exigencias legales de la LOPD y de la LSSI-CE.<\/p><p>No se considerar\u00e1 publicidad el hecho de recomendar a otros usuarios la p\u00e1gina de GABRIEL ANGEL SANTOS MAIRATA para que tambi\u00e9n ellos puedan disfrutar de las promociones o estar informados de su actividad.<\/p><p>A continuaci\u00f3n detallamos el enlace a la pol\u00edtica de privacidad de la Red Social:<br \/>Facebook: https:\/\/www.facebook.com\/help\/323540651073243\/<\/p>\t\t\t\t\t\t<\/div>\n\t\t\t\t<\/div>\n\t\t\t\t<div class=\"elementor-element elementor-element-68e3e07 elementor-widget elementor-widget-heading\" data-id=\"68e3e07\" data-element_type=\"widget\" data-widget_type=\"heading.default\">\n\t\t\t\t<div class=\"elementor-widget-container\">\n\t\t\t<div class=\"elementor-heading-title elementor-size-default\">AVISO LEGAL<\/div>\t\t<\/div>\n\t\t\t\t<\/div>\n\t\t\t\t<div class=\"elementor-element elementor-element-0d73455 elementor-widget elementor-widget-text-editor\" data-id=\"0d73455\" data-element_type=\"widget\" data-widget_type=\"text-editor.default\">\n\t\t\t\t<div class=\"elementor-widget-container\">\n\t\t\t\t\t\t\t<p>Seg\u00fan lo dispuesto en el art\u00edculo 10 de la Ley 34\/2002, de 11 de julio, de Servicios de la Sociedad de la Informaci\u00f3n y de Comercio Electr\u00f3nico, Gabriel Santos, como prestadora de servicios de la sociedad de la informaci\u00f3n que opera a trav\u00e9s de este Sitio de Internet\/P\u00e1gina-Web, pone a disposici\u00f3n de las personas y entidades interesadas los siguientes datos de informaci\u00f3n general:<\/p><p>Gabriel Santos Mairata<br \/>Plaza Constituci\u00f3 19,1\u00b0<br \/>07100 S\u00f3ller<br \/>Tel. +34 971 . 63 26 79<br \/>E-Mail: mail@gabrielsantos.net<br \/>NIF:ES78204896C<\/p><p><strong><br \/>Uso de la p\u00e1gina web<\/strong><\/p><p>La utilizaci\u00f3n de la p\u00e1gina web por cualquier persona atribuye la condici\u00f3n de usuario, acepta que su uso es bajo su exclusiva responsabilidad. El usuario se compromete a no utilizar la informaci\u00f3n, actividades, productos o servicios que Gabriel Santos pone a su disposici\u00f3n para desarrollar actividades contrarias a las leyes, a la moral o al orden p\u00fablico.<\/p><p>Todos los contenidos de el presente sitio web, incluyendo, sin car\u00e1cter limitativo, textos, gr\u00e1ficos, im\u00e1genes, su dise\u00f1o y los derechos de propiedad intelectual que pudieran corresponder a dichos contenidos, as\u00ed como todaslas marcas,nombres comerciales o cualquier otro signo distintivo, son propiedad de Gabriel Santos o de terceros colaboradores si as\u00ed se indicara expresamente.<\/p><p><strong>Contenido de la Web y enlaces<\/strong><\/p><p>Esta pol\u00edtica de privacidad s\u00f3lo es de aplicaci\u00f3n a la p\u00e1gina web de Gabriel Santos, no se garantiza en los accesos a trav\u00e9s de enlaces con este sitio, ni en los enlaces de este sitio con otras p\u00e1ginas web.<\/p><p>El servicio de acceso al Portal incluye dispositivos t\u00e9cnicos de enlace a otras p\u00e1ginas web y portales de Internet de conformidad con el art. 17 de la Ley 34\/2002, de 11 de julio, de Servicios de la Sociedad de la Informaci\u00f3n.<\/p><p>El Estudio no se hace responsable del mal uso que se realice de los contenidos la Web, siendo exclusiva responsabilidad del Usuario que accede a ellos o los utiliza.<br \/>Queda prohibido el uso de contenidos de la web para promocionar, contratar o divulgar publicidad o informaci\u00f3n propia o de terceras personas sin la autorizaci\u00f3n de Gabriel Santos, ni remitir publicidad o informaci\u00f3n vali\u00e9ndose para ello de los servicios o informaci\u00f3n que se ponen a disposici\u00f3n de los usuarios, independientemente de si la utilizaci\u00f3n es gratuita o no.<\/p>\t\t\t\t\t\t<\/div>\n\t\t\t\t<\/div>\n\t\t\t\t<div class=\"elementor-element elementor-element-125a05f elementor-widget elementor-widget-heading\" data-id=\"125a05f\" data-element_type=\"widget\" data-widget_type=\"heading.default\">\n\t\t\t\t<div class=\"elementor-widget-container\">\n\t\t\t<div class=\"elementor-heading-title elementor-size-default\">CONDICIONES DE USO<\/div>\t\t<\/div>\n\t\t\t\t<\/div>\n\t\t\t\t<div class=\"elementor-element elementor-element-59ccf01 elementor-widget elementor-widget-text-editor\" data-id=\"59ccf01\" data-element_type=\"widget\" data-widget_type=\"text-editor.default\">\n\t\t\t\t<div class=\"elementor-widget-container\">\n\t\t\t\t\t\t\t<p>En cumplimiento de la Ley 34\/2002, de 11 de julio, de Servicios de la Sociedad de la Informaci\u00f3n y de Comercio Electr\u00f3nico (LSSI-CE), GABRIEL ANGEL SANTOS MAIRATA informa que es titular del sitio web www.gabrielsantos.es . De acuerdo con la exigencia del art\u00edculo 10 de la citada Ley, GABRIEL ANGEL SANTOS MAIRATA informa de los siguientes datos:<br \/>El titular de este sitio web es GABRIEL ANGEL SANTOS MAIRATA, con DNI 78204896C y domicilio social en PLA\u00c7A CONSTITUCIO 19 1\u00ba 07100, SOLLER (ILLES BALEARS). La direcci\u00f3n de correo electr\u00f3nico de contacto con la empresa es: mail@gabrielsantos.net .<\/p><p><strong>USUARIO Y R\u00c9GIMEN DE RESPONSABILIDADES<\/strong><br \/>La navegaci\u00f3n, acceso y uso por el sitio web de GABRIEL ANGEL SANTOS MAIRATA confiere la condici\u00f3n de usuario, por la que se aceptan, desde la navegaci\u00f3n por el sitio web de GABRIEL ANGEL SANTOS MAIRATA, todas las condiciones de uso aqu\u00ed establecidas sin perjuicio de la aplicaci\u00f3n de la correspondiente normativa de obligado cumplimiento legal seg\u00fan el caso.<br \/>El sitio web de GABRIEL ANGEL SANTOS MAIRATA proporciona gran diversidad de informaci\u00f3n, servicios y datos. El usuario asume su responsabilidad en el uso correcto del sitio web. Esta responsabilidad se extender\u00e1 a:<br \/>&#8211; La veracidad y licitud de las informaciones aportadas por el usuario en los formularios extendidos por GABRIEL ANGEL SANTOS MAIRATA para el acceso a ciertos contenidos o servicios ofrecidos por el web.<br \/>&#8211; El uso de la informaci\u00f3n, servicios y datos ofrecidos por GABRIEL ANGEL SANTOS MAIRATA contrariamente a lo dispuesto por las presentes condiciones, la Ley, la moral, las buenas costumbres o el orden p\u00fablico, o que de cualquier otro modo puedan suponer lesi\u00f3n de los derechos de terceros o del mismo funcionamiento del sitio web.<\/p><p><strong>POL\u00cdTICA DE ENLACES Y EXENCIONES DE RESPONSABILIDAD<\/strong><br \/>GABRIEL ANGEL SANTOS MAIRATA no se hace responsable del contenido de los sitios web a los que el usuario pueda acceder a trav\u00e9s de los enlaces establecidos en su sitio web y declara que en ning\u00fan caso proceder\u00e1 a examinar o ejercitar ning\u00fan tipo de control sobre el contenido de otros sitios de la red. Asimismo, tampoco garantizar\u00e1 la disponibilidad t\u00e9cnica, exactitud, veracidad, validez o legalidad de sitios ajenos a su propiedad a los que se pueda acceder por medio de los enlaces.<br \/>GABRIEL ANGEL SANTOS MAIRATA declara haber adoptado todas las medidas necesarias para evitar cualquier da\u00f1o a los usuarios de su sitio web, que pudieran derivarse de la navegaci\u00f3n por su sitio web. En consecuencia, GABRIEL ANGEL SANTOS MAIRATA no se hace responsable, en ning\u00fan caso, de los eventuales da\u00f1os que por la navegaci\u00f3n por Internet pudiera sufrir el usuario.<\/p><p><strong>MODIFICACIONES<\/strong><br \/>GABRIEL ANGEL SANTOS MAIRATA se reserva el derecho a realizar las modificaciones que considere oportunas, sin aviso previo, en el contenido de su sitio web. Tanto en lo referente a los contenidos del sitio web, como en las condiciones de uso del mismo. Dichas modificaciones podr\u00e1n realizarse a trav\u00e9s de su sitio web por cualquier forma admisible en derecho y ser\u00e1n de obligado cumplimiento durante el tiempo en que se encuentren publicadas en la web y hasta que no sean modificadas v\u00e1lidamente por otras posteriores.<\/p><p><strong>PROTECCI\u00d3N DE DATOS<\/strong><br \/>De conformidad con lo que establece la Ley Org\u00e1nica 15\/1999 de Protecci\u00f3n de Datos de Car\u00e1cter Personal (LOPD), GABRIEL ANGEL SANTOS MAIRATA informa a los usuarios de su sitio web que los datos personales recabados por la empresa, mediante los formularios sitos en sus p\u00e1ginas, ser\u00e1n introducidos en un fichero automatizado bajo la responsabilidad de GABRIEL ANGEL SANTOS MAIRATA, con la finalidad de poder facilitar, agilizar y cumplir los compromisos establecidos entre ambas partes.<\/p><p>Asimismo, GABRIEL ANGEL SANTOS MAIRATA informa de la posibilidad de ejercer los derechos de acceso, rectificaci\u00f3n, cancelaci\u00f3n y oposici\u00f3n mediante un escrito a la direcci\u00f3n: PLA\u00c7A CONSTITUCIO 19 1\u00ba 07100, SOLLER (ILLES BALEARS).<\/p><p>Mientras el usuario no comunique lo contrario a GABRIEL ANGEL SANTOS MAIRATA, \u00e9sta entender\u00e1 que sus datos no han sido modificados, que el usuario se compromete a notificar a GABRIEL ANGEL SANTOS MAIRATA cualquier variaci\u00f3n y que GABRIEL ANGEL SANTOS MAIRATA tiene el consentimiento para utilizarlos a fin de poder fidelizar la relaci\u00f3n entre las partes.<\/p><p><strong>PROPIEDAD INTELECTUAL E INDUSTRIAL<\/strong><br \/>GABRIEL ANGEL SANTOS MAIRATA por s\u00ed misma o como cesionaria, es titular de todos los derechos de propiedad intelectual e industrial de su p\u00e1gina web, as\u00ed como de los elementos contenidos en la misma (a t\u00edtulo enunciativo, im\u00e1genes, sonido, audio, v\u00eddeo, software o textos; marcas o logotipos, combinaciones de colores, estructura y dise\u00f1o, selecci\u00f3n de materiales usados, programas de ordenador necesarios para su funcionamiento, acceso y uso, etc.), titularidad de GABRIEL ANGEL SANTOS MAIRATA. Ser\u00e1n, por consiguiente, obras protegidas como propiedad intelectual por el ordenamiento jur\u00eddico espa\u00f1ol, si\u00e9ndoles aplicables tanto la normativa espa\u00f1ola y comunitaria en este campo, como los tratados internacionales relativos a la materia y suscritos por Espa\u00f1a.<\/p><p>Todos los derechos reservados. En virtud de lo dispuesto en los art\u00edculos 8 y 32.1, p\u00e1rrafo segundo, de la Ley de Propiedad Intelectual, quedan expresamente prohibidas la reproducci\u00f3n, la distribuci\u00f3n y la comunicaci\u00f3n p\u00fablica, incluida su modalidad de puesta a disposici\u00f3n, de la totalidad o parte de los contenidos de esta p\u00e1gina web, con fines comerciales, en cualquier soporte y por cualquier medio t\u00e9cnico, sin la autorizaci\u00f3n de GABRIEL ANGEL SANTOS MAIRATA.<\/p><p>El usuario se compromete a respetar los derechos de Propiedad Intelectual e Industrial titularidad de GABRIEL ANGEL SANTOS MAIRATA. Podr\u00e1 visualizar los elementos del portal e incluso imprimirlos, copiarlos y almacenarlos en el disco duro de su ordenador o en cualquier otro soporte f\u00edsico siempre y cuando sea, \u00fanica y exclusivamente, para su uso personal y privado. El usuario deber\u00e1 abstenerse de suprimir, alterar, eludir o manipular cualquier dispositivo de protecci\u00f3n o sistema de seguridad que estuviera instalado en las p\u00e1ginas de GABRIEL ANGEL SANTOS MAIRATA.<\/p><p><strong>ACCIONES LEGALES, LEGISLACI\u00d3N APLICABLE Y JURISDICCI\u00d3N<\/strong><br \/>GABRIEL ANGEL SANTOS MAIRATA se reserva, asimismo, la facultad de presentar las acciones civiles o penales que considere oportunas por la utilizaci\u00f3n indebida de su sitio web y contenidos, o por el incumplimiento de las presentes condiciones.<\/p><p>La relaci\u00f3n entre el usuario y el prestador se regir\u00e1 por la normativa vigente y de aplicaci\u00f3n en el territorio espa\u00f1ol. De surgir cualquier controversia las partes podr\u00e1n someter sus conflictos a arbitraje o acudir a la jurisdicci\u00f3n ordinaria cumpliendo con las normas sobre jurisdicci\u00f3n y competencia al respecto. GABRIEL ANGEL SANTOS MAIRATA tiene su domicilio en ILLES BALEARS, Espa\u00f1a.<\/p>\t\t\t\t\t\t<\/div>\n\t\t\t\t<\/div>\n\t\t\t\t<div class=\"elementor-element elementor-element-6761ab8 elementor-widget-divider--view-line elementor-widget elementor-widget-divider\" data-id=\"6761ab8\" data-element_type=\"widget\" data-widget_type=\"divider.default\">\n\t\t\t\t<div class=\"elementor-widget-container\">\n\t\t\t\t\t<div class=\"elementor-divider\">\n\t\t\t<span class=\"elementor-divider-separator\">\n\t\t\t\t\t\t<\/span>\n\t\t<\/div>\n\t\t\t\t<\/div>\n\t\t\t\t<\/div>\n\t\t\t\t\t<\/div>\n\t\t<\/div>\n\t\t\t\t\t\t\t<\/div>\n\t\t<\/section>\n\t\t\t\t\t<\/div>\n\t\t<\/div>\n\t\t\t\t\t\t\t<\/div>\n\t\t<\/section>\n\t\t\t\t\t\t\t<\/div>\n\t\t","protected":false},"excerpt":{"rendered":"<p>Pol\u00cdtica de privacidad En cumplimiento de la Ley Org\u00e1nica 15\/1999, de 13 de diciembre, de Protecci\u00f3n de Datos de Car\u00e1cter Personal (LOPD) y la Ley 34\/2002, de 11 de julio, de Servicios de la Sociedad de la Informaci\u00f3n y de Comercio Electr\u00f3nico (LSSI-CE), GABRIEL ANGEL SANTOS MAIRATA informa a los usuarios, que ha procedido a [&hellip;]<\/p>\n","protected":false},"author":1,"featured_media":0,"parent":0,"menu_order":0,"comment_status":"closed","ping_status":"closed","template":"page-limpia.php","meta":{"inline_featured_image":false,"footnotes":""},"_links":{"self":[{"href":"https:\/\/www.santho.es\/ca\/wp-json\/wp\/v2\/pages\/4551"}],"collection":[{"href":"https:\/\/www.santho.es\/ca\/wp-json\/wp\/v2\/pages"}],"about":[{"href":"https:\/\/www.santho.es\/ca\/wp-json\/wp\/v2\/types\/page"}],"author":[{"embeddable":true,"href":"https:\/\/www.santho.es\/ca\/wp-json\/wp\/v2\/users\/1"}],"replies":[{"embeddable":true,"href":"https:\/\/www.santho.es\/ca\/wp-json\/wp\/v2\/comments?post=4551"}],"version-history":[{"count":1,"href":"https:\/\/www.santho.es\/ca\/wp-json\/wp\/v2\/pages\/4551\/revisions"}],"predecessor-version":[{"id":4604,"href":"https:\/\/www.santho.es\/ca\/wp-json\/wp\/v2\/pages\/4551\/revisions\/4604"}],"wp:attachment":[{"href":"https:\/\/www.santho.es\/ca\/wp-json\/wp\/v2\/media?parent=4551"}],"curies":[{"name":"wp","href":"https:\/\/api.w.org\/{rel}","templated":true}]}}